{"id":726,"date":"2025-05-19T20:19:43","date_gmt":"2025-05-19T20:19:43","guid":{"rendered":"https:\/\/gulseans.com.tr\/?post_type=product&#038;p=726"},"modified":"2025-05-19T20:19:44","modified_gmt":"2025-05-19T20:19:44","slug":"gul-sirkesi-250-cc","status":"publish","type":"product","link":"https:\/\/gulseans.com.tr\/?product=gul-sirkesi-250-cc","title":{"rendered":"G\u00fcl Sirkesi 250 cc &#8211; Do\u011fal, Ferahlat\u0131c\u0131 ve \u015eifal\u0131"},"content":{"rendered":"<p class=\"ds-markdown-paragraph\">\ud83c\udf39\u00a0<strong>%100 Do\u011fal &amp; Katk\u0131s\u0131z<\/strong>: Geleneksel y\u00f6ntemlerle \u00f6zenle haz\u0131rlanm\u0131\u015f, tamamen do\u011fal g\u00fcl yapraklar\u0131ndan elde edilmi\u015f bir sirke.<\/p>\n<p class=\"ds-markdown-paragraph\">\u2728\u00a0<strong>Ferahlat\u0131c\u0131 &amp; Ho\u015f Kokulu<\/strong>: G\u00fcl\u00fcn e\u015fsiz aromas\u0131yla hem yemeklerinize lezzet katar hem de do\u011fal bir ferahl\u0131k sunar.<\/p>\n<p class=\"ds-markdown-paragraph\">\ud83c\udf3f\u00a0<strong>\u00c7ok Ama\u00e7l\u0131 Kullan\u0131m<\/strong>:<br \/>\n\u2714 Salatalarda, mezelerde ve soslarda lezzet art\u0131r\u0131c\u0131<br \/>\n\u2714 Cilt bak\u0131m\u0131nda tonik olarak (seyrelterek kullan\u0131n)<br \/>\n\u2714 Sa\u00e7 bak\u0131m\u0131nda parlakl\u0131k ve canl\u0131l\u0131k i\u00e7in<br \/>\n\u2714 Do\u011fal ev temizli\u011finde dezenfektan olarak<\/p>\n<p class=\"ds-markdown-paragraph\">\ud83e\uddf4\u00a0<strong>Cam \u015ei\u015fede<\/strong>: Sa\u011fl\u0131\u011f\u0131n\u0131z ve \u00e7evre i\u00e7in plastiksiz, cam ambalajda sunulmu\u015ftur.<\/p>\n<p class=\"ds-markdown-paragraph\">\u26a0\u00a0<strong>Uyar\u0131<\/strong>: Direkt i\u00e7ilmez. Yemeklerde veya harici kullan\u0131mlarda seyreltilerek t\u00fcketilmelidir.<\/p>\n<p class=\"ds-markdown-paragraph\">\ud83d\udccd\u00a0<strong>\u00d6zenle Haz\u0131rland\u0131<\/strong>: Do\u011fan\u0131n \u015fifas\u0131n\u0131 evinize getiriyoruz!<\/p>\n<p class=\"ds-markdown-paragraph\"><strong>Not<\/strong>: Serin ve g\u00fcne\u015f almayan yerde saklay\u0131n\u0131z.<\/p>\n<p class=\"ds-markdown-paragraph\">\ud83c\udf0d\u00a0<strong>Do\u011faya ve size sayg\u0131l\u0131 \u00fcretim!<\/strong><\/p>\n<hr \/>\n<p class=\"ds-markdown-paragraph\"><em>Detaylar i\u00e7in mesaj atabilirsiniz. Te\u015fekk\u00fcrler!<\/em>\u00a0\ud83d\ude0a<\/p>\n","protected":false},"excerpt":{"rendered":"<p>\ud83c\udf39\u00a0%100 Do\u011fal &amp; Katk\u0131s\u0131z: Geleneksel y\u00f6ntemlerle \u00f6zenle haz\u0131rlanm\u0131\u015f, tamamen do\u011fal g\u00fcl yapraklar\u0131ndan elde edilmi\u015f bir sirke. \u2728\u00a0Ferahlat\u0131c\u0131 &amp; Ho\u015f Kokulu: G\u00fcl\u00fcn e\u015fsiz aromas\u0131yla hem yemeklerinize lezzet katar hem de do\u011fal bir ferahl\u0131k sunar. \ud83c\udf3f\u00a0\u00c7ok Ama\u00e7l\u0131 Kullan\u0131m: \u2714 Salatalarda, mezelerde ve soslarda lezzet art\u0131r\u0131c\u0131 \u2714 Cilt bak\u0131m\u0131nda tonik olarak (seyrelterek kullan\u0131n) \u2714 Sa\u00e7 bak\u0131m\u0131nda parlakl\u0131k ve [&hellip;]<\/p>\n","protected":false},"featured_media":727,"comment_status":"closed","ping_status":"closed","template":"","meta":{"saved_in_kubio":false},"product_cat":[24],"product_tag":[],"class_list":{"0":"post-726","1":"product","2":"type-product","3":"status-publish","4":"has-post-thumbnail","6":"product_cat-gulseans","8":"first","9":"instock","10":"sale","11":"taxable","12":"shipping-taxable","13":"purchasable","14":"product-type-simple"},"yoast_head":"<!-- This site is optimized with the Yoast SEO plugin v23.8 - https:\/\/yoast.com\/wordpress\/plugins\/seo\/ -->\n<title>G\u00fcl Sirkesi 250 cc - Do\u011fal, Ferahlat\u0131c\u0131 ve \u015eifal\u0131 - G\u00fclseans<\/title>\n<meta name=\"robots\" content=\"index, follow, max-snippet:-1, max-image-preview:large, max-video-preview:-1\" \/>\n<link rel=\"canonical\" href=\"https:\/\/gulseans.com.tr\/?product=gul-sirkesi-250-cc\" \/>\n<meta property=\"og:locale\" content=\"tr_TR\" \/>\n<meta property=\"og:type\" content=\"article\" \/>\n<meta property=\"og:title\" content=\"G\u00fcl Sirkesi 250 cc - Do\u011fal, Ferahlat\u0131c\u0131 ve \u015eifal\u0131 - G\u00fclseans\" \/>\n<meta property=\"og:description\" content=\"\ud83c\udf39\u00a0%100 Do\u011fal &amp; Katk\u0131s\u0131z: Geleneksel y\u00f6ntemlerle \u00f6zenle haz\u0131rlanm\u0131\u015f, tamamen do\u011fal g\u00fcl yapraklar\u0131ndan elde edilmi\u015f bir sirke. \u2728\u00a0Ferahlat\u0131c\u0131 &amp; Ho\u015f Kokulu: G\u00fcl\u00fcn e\u015fsiz aromas\u0131yla hem yemeklerinize lezzet katar hem de do\u011fal bir ferahl\u0131k sunar. \ud83c\udf3f\u00a0\u00c7ok Ama\u00e7l\u0131 Kullan\u0131m: \u2714 Salatalarda, mezelerde ve soslarda lezzet art\u0131r\u0131c\u0131 \u2714 Cilt bak\u0131m\u0131nda tonik olarak (seyrelterek kullan\u0131n) \u2714 Sa\u00e7 bak\u0131m\u0131nda parlakl\u0131k ve [&hellip;]\" \/>\n<meta property=\"og:url\" content=\"https:\/\/gulseans.com.tr\/?product=gul-sirkesi-250-cc\" \/>\n<meta property=\"og:site_name\" content=\"G\u00fclseans\" \/>\n<meta property=\"article:publisher\" content=\"https:\/\/www.facebook.com\/profile.php?id=61555227653171\" \/>\n<meta property=\"article:modified_time\" content=\"2025-05-19T20:19:44+00:00\" \/>\n<meta property=\"og:image\" content=\"https:\/\/gulseans.com.tr\/wp-content\/uploads\/2025\/05\/250.jpg\" \/>\n\t<meta property=\"og:image:width\" content=\"1200\" \/>\n\t<meta property=\"og:image:height\" content=\"1200\" \/>\n\t<meta property=\"og:image:type\" content=\"image\/jpeg\" \/>\n<meta name=\"twitter:card\" content=\"summary_large_image\" \/>\n<meta name=\"twitter:label1\" content=\"Tahmini okuma s\u00fcresi\" \/>\n\t<meta name=\"twitter:data1\" content=\"1 dakika\" \/>\n<script type=\"application\/ld+json\" class=\"yoast-schema-graph\">{\"@context\":\"https:\/\/schema.org\",\"@graph\":[{\"@type\":\"WebPage\",\"@id\":\"https:\/\/gulseans.com.tr\/?product=gul-sirkesi-250-cc\",\"url\":\"https:\/\/gulseans.com.tr\/?product=gul-sirkesi-250-cc\",\"name\":\"G\u00fcl Sirkesi 250 cc - Do\u011fal, Ferahlat\u0131c\u0131 ve \u015eifal\u0131 - G\u00fclseans\",\"isPartOf\":{\"@id\":\"https:\/\/gulseans.com.tr\/#website\"},\"primaryImageOfPage\":{\"@id\":\"https:\/\/gulseans.com.tr\/?product=gul-sirkesi-250-cc#primaryimage\"},\"image\":{\"@id\":\"https:\/\/gulseans.com.tr\/?product=gul-sirkesi-250-cc#primaryimage\"},\"thumbnailUrl\":\"https:\/\/gulseans.com.tr\/wp-content\/uploads\/2025\/05\/250.jpg\",\"datePublished\":\"2025-05-19T20:19:43+00:00\",\"dateModified\":\"2025-05-19T20:19:44+00:00\",\"breadcrumb\":{\"@id\":\"https:\/\/gulseans.com.tr\/?product=gul-sirkesi-250-cc#breadcrumb\"},\"inLanguage\":\"tr\",\"potentialAction\":[{\"@type\":\"ReadAction\",\"target\":[\"https:\/\/gulseans.com.tr\/?product=gul-sirkesi-250-cc\"]}]},{\"@type\":\"ImageObject\",\"inLanguage\":\"tr\",\"@id\":\"https:\/\/gulseans.com.tr\/?product=gul-sirkesi-250-cc#primaryimage\",\"url\":\"https:\/\/gulseans.com.tr\/wp-content\/uploads\/2025\/05\/250.jpg\",\"contentUrl\":\"https:\/\/gulseans.com.tr\/wp-content\/uploads\/2025\/05\/250.jpg\",\"width\":1200,\"height\":1200},{\"@type\":\"BreadcrumbList\",\"@id\":\"https:\/\/gulseans.com.tr\/?product=gul-sirkesi-250-cc#breadcrumb\",\"itemListElement\":[{\"@type\":\"ListItem\",\"position\":1,\"name\":\"Anasayfa\",\"item\":\"https:\/\/gulseans.com.tr\/\"},{\"@type\":\"ListItem\",\"position\":2,\"name\":\"Ma\u011faza\",\"item\":\"https:\/\/gulseans.com.tr\/?page_id=92\"},{\"@type\":\"ListItem\",\"position\":3,\"name\":\"G\u00fcl Sirkesi 250 cc &#8211; Do\u011fal, Ferahlat\u0131c\u0131 ve \u015eifal\u0131\"}]},{\"@type\":\"WebSite\",\"@id\":\"https:\/\/gulseans.com.tr\/#website\",\"url\":\"https:\/\/gulseans.com.tr\/\",\"name\":\"G\u00fclseans\",\"description\":\"Rosevera\",\"publisher\":{\"@id\":\"https:\/\/gulseans.com.tr\/#organization\"},\"potentialAction\":[{\"@type\":\"SearchAction\",\"target\":{\"@type\":\"EntryPoint\",\"urlTemplate\":\"https:\/\/gulseans.com.tr\/?s={search_term_string}\"},\"query-input\":{\"@type\":\"PropertyValueSpecification\",\"valueRequired\":true,\"valueName\":\"search_term_string\"}}],\"inLanguage\":\"tr\"},{\"@type\":\"Organization\",\"@id\":\"https:\/\/gulseans.com.tr\/#organization\",\"name\":\"G\u00fclseans\",\"url\":\"https:\/\/gulseans.com.tr\/\",\"logo\":{\"@type\":\"ImageObject\",\"inLanguage\":\"tr\",\"@id\":\"https:\/\/gulseans.com.tr\/#\/schema\/logo\/image\/\",\"url\":\"https:\/\/gulseans.com.tr\/wp-content\/uploads\/2025\/05\/cropped-ROSE.png\",\"contentUrl\":\"https:\/\/gulseans.com.tr\/wp-content\/uploads\/2025\/05\/cropped-ROSE.png\",\"width\":622,\"height\":438,\"caption\":\"G\u00fclseans\"},\"image\":{\"@id\":\"https:\/\/gulseans.com.tr\/#\/schema\/logo\/image\/\"},\"sameAs\":[\"https:\/\/www.facebook.com\/profile.php?id=61555227653171\"]}]}<\/script>\n<!-- \/ Yoast SEO plugin. -->","yoast_head_json":{"title":"G\u00fcl Sirkesi 250 cc - Do\u011fal, Ferahlat\u0131c\u0131 ve \u015eifal\u0131 - G\u00fclseans","robots":{"index":"index","follow":"follow","max-snippet":"max-snippet:-1","max-image-preview":"max-image-preview:large","max-video-preview":"max-video-preview:-1"},"canonical":"https:\/\/gulseans.com.tr\/?product=gul-sirkesi-250-cc","og_locale":"tr_TR","og_type":"article","og_title":"G\u00fcl Sirkesi 250 cc - Do\u011fal, Ferahlat\u0131c\u0131 ve \u015eifal\u0131 - G\u00fclseans","og_description":"\ud83c\udf39\u00a0%100 Do\u011fal &amp; Katk\u0131s\u0131z: Geleneksel y\u00f6ntemlerle \u00f6zenle haz\u0131rlanm\u0131\u015f, tamamen do\u011fal g\u00fcl yapraklar\u0131ndan elde edilmi\u015f bir sirke. \u2728\u00a0Ferahlat\u0131c\u0131 &amp; Ho\u015f Kokulu: G\u00fcl\u00fcn e\u015fsiz aromas\u0131yla hem yemeklerinize lezzet katar hem de do\u011fal bir ferahl\u0131k sunar. \ud83c\udf3f\u00a0\u00c7ok Ama\u00e7l\u0131 Kullan\u0131m: \u2714 Salatalarda, mezelerde ve soslarda lezzet art\u0131r\u0131c\u0131 \u2714 Cilt bak\u0131m\u0131nda tonik olarak (seyrelterek kullan\u0131n) \u2714 Sa\u00e7 bak\u0131m\u0131nda parlakl\u0131k ve [&hellip;]","og_url":"https:\/\/gulseans.com.tr\/?product=gul-sirkesi-250-cc","og_site_name":"G\u00fclseans","article_publisher":"https:\/\/www.facebook.com\/profile.php?id=61555227653171","article_modified_time":"2025-05-19T20:19:44+00:00","og_image":[{"width":1200,"height":1200,"url":"https:\/\/gulseans.com.tr\/wp-content\/uploads\/2025\/05\/250.jpg","type":"image\/jpeg"}],"twitter_card":"summary_large_image","twitter_misc":{"Tahmini okuma s\u00fcresi":"1 dakika"},"schema":{"@context":"https:\/\/schema.org","@graph":[{"@type":"WebPage","@id":"https:\/\/gulseans.com.tr\/?product=gul-sirkesi-250-cc","url":"https:\/\/gulseans.com.tr\/?product=gul-sirkesi-250-cc","name":"G\u00fcl Sirkesi 250 cc - Do\u011fal, Ferahlat\u0131c\u0131 ve \u015eifal\u0131 - G\u00fclseans","isPartOf":{"@id":"https:\/\/gulseans.com.tr\/#website"},"primaryImageOfPage":{"@id":"https:\/\/gulseans.com.tr\/?product=gul-sirkesi-250-cc#primaryimage"},"image":{"@id":"https:\/\/gulseans.com.tr\/?product=gul-sirkesi-250-cc#primaryimage"},"thumbnailUrl":"https:\/\/gulseans.com.tr\/wp-content\/uploads\/2025\/05\/250.jpg","datePublished":"2025-05-19T20:19:43+00:00","dateModified":"2025-05-19T20:19:44+00:00","breadcrumb":{"@id":"https:\/\/gulseans.com.tr\/?product=gul-sirkesi-250-cc#breadcrumb"},"inLanguage":"tr","potentialAction":[{"@type":"ReadAction","target":["https:\/\/gulseans.com.tr\/?product=gul-sirkesi-250-cc"]}]},{"@type":"ImageObject","inLanguage":"tr","@id":"https:\/\/gulseans.com.tr\/?product=gul-sirkesi-250-cc#primaryimage","url":"https:\/\/gulseans.com.tr\/wp-content\/uploads\/2025\/05\/250.jpg","contentUrl":"https:\/\/gulseans.com.tr\/wp-content\/uploads\/2025\/05\/250.jpg","width":1200,"height":1200},{"@type":"BreadcrumbList","@id":"https:\/\/gulseans.com.tr\/?product=gul-sirkesi-250-cc#breadcrumb","itemListElement":[{"@type":"ListItem","position":1,"name":"Anasayfa","item":"https:\/\/gulseans.com.tr\/"},{"@type":"ListItem","position":2,"name":"Ma\u011faza","item":"https:\/\/gulseans.com.tr\/?page_id=92"},{"@type":"ListItem","position":3,"name":"G\u00fcl Sirkesi 250 cc &#8211; Do\u011fal, Ferahlat\u0131c\u0131 ve \u015eifal\u0131"}]},{"@type":"WebSite","@id":"https:\/\/gulseans.com.tr\/#website","url":"https:\/\/gulseans.com.tr\/","name":"G\u00fclseans","description":"Rosevera","publisher":{"@id":"https:\/\/gulseans.com.tr\/#organization"},"potentialAction":[{"@type":"SearchAction","target":{"@type":"EntryPoint","urlTemplate":"https:\/\/gulseans.com.tr\/?s={search_term_string}"},"query-input":{"@type":"PropertyValueSpecification","valueRequired":true,"valueName":"search_term_string"}}],"inLanguage":"tr"},{"@type":"Organization","@id":"https:\/\/gulseans.com.tr\/#organization","name":"G\u00fclseans","url":"https:\/\/gulseans.com.tr\/","logo":{"@type":"ImageObject","inLanguage":"tr","@id":"https:\/\/gulseans.com.tr\/#\/schema\/logo\/image\/","url":"https:\/\/gulseans.com.tr\/wp-content\/uploads\/2025\/05\/cropped-ROSE.png","contentUrl":"https:\/\/gulseans.com.tr\/wp-content\/uploads\/2025\/05\/cropped-ROSE.png","width":622,"height":438,"caption":"G\u00fclseans"},"image":{"@id":"https:\/\/gulseans.com.tr\/#\/schema\/logo\/image\/"},"sameAs":["https:\/\/www.facebook.com\/profile.php?id=61555227653171"]}]}},"jetpack_sharing_enabled":true,"_links":{"self":[{"href":"https:\/\/gulseans.com.tr\/index.php?rest_route=\/wp\/v2\/product\/726","targetHints":{"allow":["GET"]}}],"collection":[{"href":"https:\/\/gulseans.com.tr\/index.php?rest_route=\/wp\/v2\/product"}],"about":[{"href":"https:\/\/gulseans.com.tr\/index.php?rest_route=\/wp\/v2\/types\/product"}],"replies":[{"embeddable":true,"href":"https:\/\/gulseans.com.tr\/index.php?rest_route=%2Fwp%2Fv2%2Fcomments&post=726"}],"wp:featuredmedia":[{"embeddable":true,"href":"https:\/\/gulseans.com.tr\/index.php?rest_route=\/wp\/v2\/media\/727"}],"wp:attachment":[{"href":"https:\/\/gulseans.com.tr\/index.php?rest_route=%2Fwp%2Fv2%2Fmedia&parent=726"}],"wp:term":[{"taxonomy":"product_cat","embeddable":true,"href":"https:\/\/gulseans.com.tr\/index.php?rest_route=%2Fwp%2Fv2%2Fproduct_cat&post=726"},{"taxonomy":"product_tag","embeddable":true,"href":"https:\/\/gulseans.com.tr\/index.php?rest_route=%2Fwp%2Fv2%2Fproduct_tag&post=726"}],"curies":[{"name":"wp","href":"https:\/\/api.w.org\/{rel}","templated":true}]}}