{"id":347,"date":"2025-05-03T11:02:40","date_gmt":"2025-05-03T11:02:40","guid":{"rendered":"https:\/\/gulseans.com.tr\/?post_type=product&#038;p=347"},"modified":"2025-05-19T21:30:14","modified_gmt":"2025-05-19T21:30:14","slug":"gul-cayi-50-gr","status":"publish","type":"product","link":"https:\/\/gulseans.com.tr\/?product=gul-cayi-50-gr","title":{"rendered":"\ud83c\udf39 G\u00fcl \u00c7ay\u0131 50 gr &#8211; %100 Do\u011fal &#038; Aromatik Keyif"},"content":{"rendered":"<div class=\"woocommerce-product-gallery woocommerce-product-gallery--with-images woocommerce-product-gallery--columns-4 images\" data-columns=\"4\">\n<div class=\"woocommerce-product-gallery__wrapper\"><\/div>\n<\/div>\n<div class=\"woocommerce-tabs wc-tabs-wrapper\">\n<p>G\u00fcl, do\u011fan\u0131n sundu\u011fu en zarif ve etkileyici arma\u011fanlardan biridir. G\u00fcl \u00e7ay\u0131 ise bu e\u015fsiz \u00e7i\u00e7e\u011fin zarafetini yudumlayabilece\u011finiz bir mucize. G\u00fcl\u00fcn y\u00fcksek titre\u015fim frekans\u0131, pozitif enerji ve huzur getirir, kalbinize dokunur ve ruhunuza iyi gelir.<img decoding=\"async\" class=\"emoji\" style=\"background-color: #ffffff;\" role=\"img\" draggable=\"false\" src=\"https:\/\/s.w.org\/images\/core\/emoji\/15.1.0\/svg\/1f33a.svg\" alt=\"\ud83c\udf3a\" \/><img decoding=\"async\" class=\"emoji\" style=\"background-color: #ffffff;\" role=\"img\" draggable=\"false\" src=\"https:\/\/s.w.org\/images\/core\/emoji\/15.1.0\/svg\/1f337.svg\" alt=\"\ud83c\udf37\" \/><img decoding=\"async\" class=\"emoji\" style=\"background-color: #ffffff;\" role=\"img\" draggable=\"false\" src=\"https:\/\/s.w.org\/images\/core\/emoji\/15.1.0\/svg\/1f338.svg\" alt=\"\ud83c\udf38\" \/><\/p>\n<div id=\"tab-description\" class=\"woocommerce-Tabs-panel woocommerce-Tabs-panel--description panel entry-content wc-tab\" role=\"tabpanel\" aria-labelledby=\"tab-title-description\">\n<p>Antik \u00e7a\u011flardan beri sakinle\u015ftirici ve dengeleyici etkileriyle bilinir. Her yudumda, g\u00fcl yapraklar\u0131n\u0131n do\u011fall\u0131\u011f\u0131 sizi i\u00e7sel bir yolculu\u011fa \u00e7\u0131kar\u0131r.\u00a0<img decoding=\"async\" class=\"emoji\" role=\"img\" draggable=\"false\" src=\"https:\/\/s.w.org\/images\/core\/emoji\/15.1.0\/svg\/1f339.svg\" alt=\"\ud83c\udf39\" \/><img decoding=\"async\" class=\"emoji\" role=\"img\" draggable=\"false\" src=\"https:\/\/s.w.org\/images\/core\/emoji\/15.1.0\/svg\/1f940.svg\" alt=\"\ud83e\udd40\" \/>\u00a0Sa\u011fl\u0131kl\u0131, canland\u0131r\u0131c\u0131 ve ruhu besleyen bir deneyim i\u00e7in g\u00fcl \u00e7ay\u0131n\u0131z\u0131 yudumlay\u0131n.<\/p>\n<p>Not: 20 adet\u00a0 \u00fczeri al\u0131mlarda %20 ekstra indirim uygulan\u0131r.<\/p>\n<\/div>\n<\/div>\n","protected":false},"excerpt":{"rendered":"<p>G\u00fcl, do\u011fan\u0131n sundu\u011fu en zarif ve etkileyici arma\u011fanlardan biridir. G\u00fcl \u00e7ay\u0131 ise bu e\u015fsiz \u00e7i\u00e7e\u011fin zarafetini yudumlayabilece\u011finiz bir mucize. G\u00fcl\u00fcn y\u00fcksek titre\u015fim frekans\u0131, pozitif enerji ve huzur getirir, kalbinize dokunur ve ruhunuza iyi gelir. Antik \u00e7a\u011flardan beri sakinle\u015ftirici ve dengeleyici etkileriyle bilinir. Her yudumda, g\u00fcl yapraklar\u0131n\u0131n do\u011fall\u0131\u011f\u0131 sizi i\u00e7sel bir yolculu\u011fa \u00e7\u0131kar\u0131r.\u00a0\u00a0Sa\u011fl\u0131kl\u0131, canland\u0131r\u0131c\u0131 ve ruhu [&hellip;]<\/p>\n","protected":false},"featured_media":344,"comment_status":"closed","ping_status":"closed","template":"","meta":{"saved_in_kubio":false},"product_cat":[24],"product_tag":[],"class_list":{"0":"post-347","1":"product","2":"type-product","3":"status-publish","4":"has-post-thumbnail","6":"product_cat-gulseans","8":"first","9":"instock","10":"sale","11":"taxable","12":"shipping-taxable","13":"purchasable","14":"product-type-simple"},"yoast_head":"<!-- This site is optimized with the Yoast SEO plugin v23.8 - https:\/\/yoast.com\/wordpress\/plugins\/seo\/ -->\n<title>\ud83c\udf39 G\u00fcl \u00c7ay\u0131 50 gr - %100 Do\u011fal &amp; Aromatik Keyif - G\u00fclseans<\/title>\n<meta name=\"description\" content=\"G\u00fcl \u00c7ay\u0131 50 gr\" \/>\n<meta name=\"robots\" content=\"index, follow, max-snippet:-1, max-image-preview:large, max-video-preview:-1\" \/>\n<link rel=\"canonical\" href=\"https:\/\/gulseans.com.tr\/?product=gul-cayi-50-gr\" \/>\n<meta property=\"og:locale\" content=\"tr_TR\" \/>\n<meta property=\"og:type\" content=\"article\" \/>\n<meta property=\"og:title\" content=\"\ud83c\udf39 G\u00fcl \u00c7ay\u0131 50 gr - %100 Do\u011fal &amp; Aromatik Keyif - G\u00fclseans\" \/>\n<meta property=\"og:description\" content=\"G\u00fcl \u00c7ay\u0131 50 gr\" \/>\n<meta property=\"og:url\" content=\"https:\/\/gulseans.com.tr\/?product=gul-cayi-50-gr\" \/>\n<meta property=\"og:site_name\" content=\"G\u00fclseans\" \/>\n<meta property=\"article:publisher\" content=\"https:\/\/www.facebook.com\/profile.php?id=61555227653171\" \/>\n<meta property=\"article:modified_time\" content=\"2025-05-19T21:30:14+00:00\" \/>\n<meta property=\"og:image\" content=\"https:\/\/gulseans.com.tr\/wp-content\/uploads\/2024\/11\/WhatsApp-Image-2025-05-03-at-13.52.14.jpeg\" \/>\n\t<meta property=\"og:image:width\" content=\"1600\" \/>\n\t<meta property=\"og:image:height\" content=\"1600\" \/>\n\t<meta property=\"og:image:type\" content=\"image\/jpeg\" \/>\n<meta name=\"twitter:card\" content=\"summary_large_image\" \/>\n<meta name=\"twitter:label1\" content=\"Tahmini okuma s\u00fcresi\" \/>\n\t<meta name=\"twitter:data1\" content=\"2 dakika\" \/>\n<script type=\"application\/ld+json\" class=\"yoast-schema-graph\">{\"@context\":\"https:\/\/schema.org\",\"@graph\":[{\"@type\":\"WebPage\",\"@id\":\"https:\/\/gulseans.com.tr\/?product=gul-cayi-50-gr\",\"url\":\"https:\/\/gulseans.com.tr\/?product=gul-cayi-50-gr\",\"name\":\"\ud83c\udf39 G\u00fcl \u00c7ay\u0131 50 gr - %100 Do\u011fal & Aromatik Keyif - G\u00fclseans\",\"isPartOf\":{\"@id\":\"https:\/\/gulseans.com.tr\/#website\"},\"primaryImageOfPage\":{\"@id\":\"https:\/\/gulseans.com.tr\/?product=gul-cayi-50-gr#primaryimage\"},\"image\":{\"@id\":\"https:\/\/gulseans.com.tr\/?product=gul-cayi-50-gr#primaryimage\"},\"thumbnailUrl\":\"https:\/\/gulseans.com.tr\/wp-content\/uploads\/2024\/11\/WhatsApp-Image-2025-05-03-at-13.52.14.jpeg\",\"datePublished\":\"2025-05-03T11:02:40+00:00\",\"dateModified\":\"2025-05-19T21:30:14+00:00\",\"description\":\"G\u00fcl \u00c7ay\u0131 50 gr\",\"breadcrumb\":{\"@id\":\"https:\/\/gulseans.com.tr\/?product=gul-cayi-50-gr#breadcrumb\"},\"inLanguage\":\"tr\",\"potentialAction\":[{\"@type\":\"ReadAction\",\"target\":[\"https:\/\/gulseans.com.tr\/?product=gul-cayi-50-gr\"]}]},{\"@type\":\"ImageObject\",\"inLanguage\":\"tr\",\"@id\":\"https:\/\/gulseans.com.tr\/?product=gul-cayi-50-gr#primaryimage\",\"url\":\"https:\/\/gulseans.com.tr\/wp-content\/uploads\/2024\/11\/WhatsApp-Image-2025-05-03-at-13.52.14.jpeg\",\"contentUrl\":\"https:\/\/gulseans.com.tr\/wp-content\/uploads\/2024\/11\/WhatsApp-Image-2025-05-03-at-13.52.14.jpeg\",\"width\":1600,\"height\":1600},{\"@type\":\"BreadcrumbList\",\"@id\":\"https:\/\/gulseans.com.tr\/?product=gul-cayi-50-gr#breadcrumb\",\"itemListElement\":[{\"@type\":\"ListItem\",\"position\":1,\"name\":\"Anasayfa\",\"item\":\"https:\/\/gulseans.com.tr\/\"},{\"@type\":\"ListItem\",\"position\":2,\"name\":\"Ma\u011faza\",\"item\":\"https:\/\/gulseans.com.tr\/?page_id=92\"},{\"@type\":\"ListItem\",\"position\":3,\"name\":\"\ud83c\udf39 G\u00fcl \u00c7ay\u0131 50 gr &#8211; %100 Do\u011fal &#038; Aromatik Keyif\"}]},{\"@type\":\"WebSite\",\"@id\":\"https:\/\/gulseans.com.tr\/#website\",\"url\":\"https:\/\/gulseans.com.tr\/\",\"name\":\"G\u00fclseans\",\"description\":\"Rosevera\",\"publisher\":{\"@id\":\"https:\/\/gulseans.com.tr\/#organization\"},\"potentialAction\":[{\"@type\":\"SearchAction\",\"target\":{\"@type\":\"EntryPoint\",\"urlTemplate\":\"https:\/\/gulseans.com.tr\/?s={search_term_string}\"},\"query-input\":{\"@type\":\"PropertyValueSpecification\",\"valueRequired\":true,\"valueName\":\"search_term_string\"}}],\"inLanguage\":\"tr\"},{\"@type\":\"Organization\",\"@id\":\"https:\/\/gulseans.com.tr\/#organization\",\"name\":\"G\u00fclseans\",\"url\":\"https:\/\/gulseans.com.tr\/\",\"logo\":{\"@type\":\"ImageObject\",\"inLanguage\":\"tr\",\"@id\":\"https:\/\/gulseans.com.tr\/#\/schema\/logo\/image\/\",\"url\":\"https:\/\/gulseans.com.tr\/wp-content\/uploads\/2025\/05\/cropped-ROSE.png\",\"contentUrl\":\"https:\/\/gulseans.com.tr\/wp-content\/uploads\/2025\/05\/cropped-ROSE.png\",\"width\":622,\"height\":438,\"caption\":\"G\u00fclseans\"},\"image\":{\"@id\":\"https:\/\/gulseans.com.tr\/#\/schema\/logo\/image\/\"},\"sameAs\":[\"https:\/\/www.facebook.com\/profile.php?id=61555227653171\"]}]}<\/script>\n<!-- \/ Yoast SEO plugin. -->","yoast_head_json":{"title":"\ud83c\udf39 G\u00fcl \u00c7ay\u0131 50 gr - %100 Do\u011fal & Aromatik Keyif - G\u00fclseans","description":"G\u00fcl \u00c7ay\u0131 50 gr","robots":{"index":"index","follow":"follow","max-snippet":"max-snippet:-1","max-image-preview":"max-image-preview:large","max-video-preview":"max-video-preview:-1"},"canonical":"https:\/\/gulseans.com.tr\/?product=gul-cayi-50-gr","og_locale":"tr_TR","og_type":"article","og_title":"\ud83c\udf39 G\u00fcl \u00c7ay\u0131 50 gr - %100 Do\u011fal & Aromatik Keyif - G\u00fclseans","og_description":"G\u00fcl \u00c7ay\u0131 50 gr","og_url":"https:\/\/gulseans.com.tr\/?product=gul-cayi-50-gr","og_site_name":"G\u00fclseans","article_publisher":"https:\/\/www.facebook.com\/profile.php?id=61555227653171","article_modified_time":"2025-05-19T21:30:14+00:00","og_image":[{"width":1600,"height":1600,"url":"https:\/\/gulseans.com.tr\/wp-content\/uploads\/2024\/11\/WhatsApp-Image-2025-05-03-at-13.52.14.jpeg","type":"image\/jpeg"}],"twitter_card":"summary_large_image","twitter_misc":{"Tahmini okuma s\u00fcresi":"2 dakika"},"schema":{"@context":"https:\/\/schema.org","@graph":[{"@type":"WebPage","@id":"https:\/\/gulseans.com.tr\/?product=gul-cayi-50-gr","url":"https:\/\/gulseans.com.tr\/?product=gul-cayi-50-gr","name":"\ud83c\udf39 G\u00fcl \u00c7ay\u0131 50 gr - %100 Do\u011fal & Aromatik Keyif - G\u00fclseans","isPartOf":{"@id":"https:\/\/gulseans.com.tr\/#website"},"primaryImageOfPage":{"@id":"https:\/\/gulseans.com.tr\/?product=gul-cayi-50-gr#primaryimage"},"image":{"@id":"https:\/\/gulseans.com.tr\/?product=gul-cayi-50-gr#primaryimage"},"thumbnailUrl":"https:\/\/gulseans.com.tr\/wp-content\/uploads\/2024\/11\/WhatsApp-Image-2025-05-03-at-13.52.14.jpeg","datePublished":"2025-05-03T11:02:40+00:00","dateModified":"2025-05-19T21:30:14+00:00","description":"G\u00fcl \u00c7ay\u0131 50 gr","breadcrumb":{"@id":"https:\/\/gulseans.com.tr\/?product=gul-cayi-50-gr#breadcrumb"},"inLanguage":"tr","potentialAction":[{"@type":"ReadAction","target":["https:\/\/gulseans.com.tr\/?product=gul-cayi-50-gr"]}]},{"@type":"ImageObject","inLanguage":"tr","@id":"https:\/\/gulseans.com.tr\/?product=gul-cayi-50-gr#primaryimage","url":"https:\/\/gulseans.com.tr\/wp-content\/uploads\/2024\/11\/WhatsApp-Image-2025-05-03-at-13.52.14.jpeg","contentUrl":"https:\/\/gulseans.com.tr\/wp-content\/uploads\/2024\/11\/WhatsApp-Image-2025-05-03-at-13.52.14.jpeg","width":1600,"height":1600},{"@type":"BreadcrumbList","@id":"https:\/\/gulseans.com.tr\/?product=gul-cayi-50-gr#breadcrumb","itemListElement":[{"@type":"ListItem","position":1,"name":"Anasayfa","item":"https:\/\/gulseans.com.tr\/"},{"@type":"ListItem","position":2,"name":"Ma\u011faza","item":"https:\/\/gulseans.com.tr\/?page_id=92"},{"@type":"ListItem","position":3,"name":"\ud83c\udf39 G\u00fcl \u00c7ay\u0131 50 gr &#8211; %100 Do\u011fal &#038; Aromatik Keyif"}]},{"@type":"WebSite","@id":"https:\/\/gulseans.com.tr\/#website","url":"https:\/\/gulseans.com.tr\/","name":"G\u00fclseans","description":"Rosevera","publisher":{"@id":"https:\/\/gulseans.com.tr\/#organization"},"potentialAction":[{"@type":"SearchAction","target":{"@type":"EntryPoint","urlTemplate":"https:\/\/gulseans.com.tr\/?s={search_term_string}"},"query-input":{"@type":"PropertyValueSpecification","valueRequired":true,"valueName":"search_term_string"}}],"inLanguage":"tr"},{"@type":"Organization","@id":"https:\/\/gulseans.com.tr\/#organization","name":"G\u00fclseans","url":"https:\/\/gulseans.com.tr\/","logo":{"@type":"ImageObject","inLanguage":"tr","@id":"https:\/\/gulseans.com.tr\/#\/schema\/logo\/image\/","url":"https:\/\/gulseans.com.tr\/wp-content\/uploads\/2025\/05\/cropped-ROSE.png","contentUrl":"https:\/\/gulseans.com.tr\/wp-content\/uploads\/2025\/05\/cropped-ROSE.png","width":622,"height":438,"caption":"G\u00fclseans"},"image":{"@id":"https:\/\/gulseans.com.tr\/#\/schema\/logo\/image\/"},"sameAs":["https:\/\/www.facebook.com\/profile.php?id=61555227653171"]}]}},"jetpack_sharing_enabled":true,"_links":{"self":[{"href":"https:\/\/gulseans.com.tr\/index.php?rest_route=\/wp\/v2\/product\/347","targetHints":{"allow":["GET"]}}],"collection":[{"href":"https:\/\/gulseans.com.tr\/index.php?rest_route=\/wp\/v2\/product"}],"about":[{"href":"https:\/\/gulseans.com.tr\/index.php?rest_route=\/wp\/v2\/types\/product"}],"replies":[{"embeddable":true,"href":"https:\/\/gulseans.com.tr\/index.php?rest_route=%2Fwp%2Fv2%2Fcomments&post=347"}],"wp:featuredmedia":[{"embeddable":true,"href":"https:\/\/gulseans.com.tr\/index.php?rest_route=\/wp\/v2\/media\/344"}],"wp:attachment":[{"href":"https:\/\/gulseans.com.tr\/index.php?rest_route=%2Fwp%2Fv2%2Fmedia&parent=347"}],"wp:term":[{"taxonomy":"product_cat","embeddable":true,"href":"https:\/\/gulseans.com.tr\/index.php?rest_route=%2Fwp%2Fv2%2Fproduct_cat&post=347"},{"taxonomy":"product_tag","embeddable":true,"href":"https:\/\/gulseans.com.tr\/index.php?rest_route=%2Fwp%2Fv2%2Fproduct_tag&post=347"}],"curies":[{"name":"wp","href":"https:\/\/api.w.org\/{rel}","templated":true}]}}