{"id":175,"date":"2024-11-14T08:45:31","date_gmt":"2024-11-14T08:45:31","guid":{"rendered":"https:\/\/gulseans.com.tr\/?post_type=product&#038;p=175"},"modified":"2025-05-19T21:32:38","modified_gmt":"2025-05-19T21:32:38","slug":"gul-cayi","status":"publish","type":"product","link":"https:\/\/gulseans.com.tr\/?product=gul-cayi","title":{"rendered":"\ud83c\udf39 G\u00fcl \u00c7ay\u0131 100 gr &#8211; %100 Do\u011fal &#038; Aromatik \u015eifa"},"content":{"rendered":"<p>G\u00fcl, do\u011fan\u0131n sundu\u011fu en zarif ve etkileyici arma\u011fanlardan biridir. G\u00fcl \u00e7ay\u0131 ise bu e\u015fsiz \u00e7i\u00e7e\u011fin zarafetini yudumlayabilece\u011finiz bir mucize. G\u00fcl\u00fcn y\u00fcksek titre\u015fim frekans\u0131, pozitif enerji ve huzur getirir, kalbinize dokunur ve ruhunuza iyi gelir.\ud83c\udf3a\ud83c\udf37\ud83c\udf38<\/p>\n<p>Antik \u00e7a\u011flardan beri sakinle\u015ftirici ve dengeleyici etkileriyle bilinir. Her yudumda, g\u00fcl yapraklar\u0131n\u0131n do\u011fall\u0131\u011f\u0131 sizi i\u00e7sel bir yolculu\u011fa \u00e7\u0131kar\u0131r. \ud83c\udf39\ud83e\udd40 Sa\u011fl\u0131kl\u0131, canland\u0131r\u0131c\u0131 ve ruhu besleyen bir deneyim i\u00e7in g\u00fcl \u00e7ay\u0131n\u0131z\u0131 yudumlay\u0131n.<\/p>\n<p class=\"ds-markdown-paragraph\"><em>Afiyetle i\u00e7iniz!<\/em>\u00a0\u2615\ufe0f\ud83c\udf38<\/p>\n<p class=\"ds-markdown-paragraph\"><em>Detayl\u0131 bilgi ve sipari\u015f i\u00e7in ileti\u015fime ge\u00e7ebilirsiniz.<\/em><\/p>\n","protected":false},"excerpt":{"rendered":"<p>G\u00fcl, do\u011fan\u0131n sundu\u011fu en zarif ve etkileyici arma\u011fanlardan biridir. G\u00fcl \u00e7ay\u0131 ise bu e\u015fsiz \u00e7i\u00e7e\u011fin zarafetini yudumlayabilece\u011finiz bir mucize. G\u00fcl\u00fcn y\u00fcksek titre\u015fim frekans\u0131, pozitif enerji ve huzur getirir, kalbinize dokunur ve ruhunuza iyi gelir.\ud83c\udf3a\ud83c\udf37\ud83c\udf38 Antik \u00e7a\u011flardan beri sakinle\u015ftirici ve dengeleyici etkileriyle bilinir. Her yudumda, g\u00fcl yapraklar\u0131n\u0131n do\u011fall\u0131\u011f\u0131 sizi i\u00e7sel bir yolculu\u011fa \u00e7\u0131kar\u0131r. \ud83c\udf39\ud83e\udd40 Sa\u011fl\u0131kl\u0131, canland\u0131r\u0131c\u0131 [&hellip;]<\/p>\n","protected":false},"featured_media":345,"comment_status":"open","ping_status":"closed","template":"","meta":{"saved_in_kubio":false},"product_cat":[23,24],"product_tag":[31],"class_list":{"0":"post-175","1":"product","2":"type-product","3":"status-publish","4":"has-post-thumbnail","6":"product_cat-genel","7":"product_cat-gulseans","8":"product_tag-gul-cayi","10":"first","11":"instock","12":"sale","13":"taxable","14":"shipping-taxable","15":"purchasable","16":"product-type-simple"},"yoast_head":"<!-- This site is optimized with the Yoast SEO plugin v23.8 - https:\/\/yoast.com\/wordpress\/plugins\/seo\/ -->\n<title>\ud83c\udf39 G\u00fcl \u00c7ay\u0131 100 gr - %100 Do\u011fal &amp; Aromatik \u015eifa - G\u00fclseans<\/title>\n<meta name=\"description\" content=\"G\u00fcl, do\u011fan\u0131n sundu\u011fu en zarif ve etkileyici arma\u011fanlardan biridir. G\u00fcl \u00e7ay\u0131 ise bu e\u015fsiz \u00e7i\u00e7e\u011fin zarafetini yudumlayabilece\u011finiz bir mucize. G\u00fcl\u00fcn y\u00fcksek titre\u015fim frekans\u0131, pozitif enerji ve huzur getirir, kalbinize dokunur ve ruhunuza iyi gelir.\ud83c\udf3a\ud83c\udf37\ud83c\udf38\" \/>\n<meta name=\"robots\" content=\"index, follow, max-snippet:-1, max-image-preview:large, max-video-preview:-1\" \/>\n<link rel=\"canonical\" href=\"https:\/\/gulseans.com.tr\/?product=gul-cayi\" \/>\n<meta property=\"og:locale\" content=\"tr_TR\" \/>\n<meta property=\"og:type\" content=\"article\" \/>\n<meta property=\"og:title\" content=\"\ud83c\udf39 G\u00fcl \u00c7ay\u0131 100 gr - %100 Do\u011fal &amp; Aromatik \u015eifa - G\u00fclseans\" \/>\n<meta property=\"og:description\" content=\"G\u00fcl, do\u011fan\u0131n sundu\u011fu en zarif ve etkileyici arma\u011fanlardan biridir. G\u00fcl \u00e7ay\u0131 ise bu e\u015fsiz \u00e7i\u00e7e\u011fin zarafetini yudumlayabilece\u011finiz bir mucize. G\u00fcl\u00fcn y\u00fcksek titre\u015fim frekans\u0131, pozitif enerji ve huzur getirir, kalbinize dokunur ve ruhunuza iyi gelir.\ud83c\udf3a\ud83c\udf37\ud83c\udf38\" \/>\n<meta property=\"og:url\" content=\"https:\/\/gulseans.com.tr\/?product=gul-cayi\" \/>\n<meta property=\"og:site_name\" content=\"G\u00fclseans\" \/>\n<meta property=\"article:publisher\" content=\"https:\/\/www.facebook.com\/profile.php?id=61555227653171\" \/>\n<meta property=\"article:modified_time\" content=\"2025-05-19T21:32:38+00:00\" \/>\n<meta property=\"og:image\" content=\"https:\/\/gulseans.com.tr\/wp-content\/uploads\/2024\/11\/WhatsApp-Image-2025-05-03-at-13.55.40.jpeg\" \/>\n\t<meta property=\"og:image:width\" content=\"899\" \/>\n\t<meta property=\"og:image:height\" content=\"1599\" \/>\n\t<meta property=\"og:image:type\" content=\"image\/jpeg\" \/>\n<meta name=\"twitter:card\" content=\"summary_large_image\" \/>\n<meta name=\"twitter:label1\" content=\"Tahmini okuma s\u00fcresi\" \/>\n\t<meta name=\"twitter:data1\" content=\"1 dakika\" \/>\n<script type=\"application\/ld+json\" class=\"yoast-schema-graph\">{\"@context\":\"https:\/\/schema.org\",\"@graph\":[{\"@type\":\"WebPage\",\"@id\":\"https:\/\/gulseans.com.tr\/?product=gul-cayi\",\"url\":\"https:\/\/gulseans.com.tr\/?product=gul-cayi\",\"name\":\"\ud83c\udf39 G\u00fcl \u00c7ay\u0131 100 gr - %100 Do\u011fal & Aromatik \u015eifa - G\u00fclseans\",\"isPartOf\":{\"@id\":\"https:\/\/gulseans.com.tr\/#website\"},\"primaryImageOfPage\":{\"@id\":\"https:\/\/gulseans.com.tr\/?product=gul-cayi#primaryimage\"},\"image\":{\"@id\":\"https:\/\/gulseans.com.tr\/?product=gul-cayi#primaryimage\"},\"thumbnailUrl\":\"https:\/\/gulseans.com.tr\/wp-content\/uploads\/2024\/11\/WhatsApp-Image-2025-05-03-at-13.55.40.jpeg\",\"datePublished\":\"2024-11-14T08:45:31+00:00\",\"dateModified\":\"2025-05-19T21:32:38+00:00\",\"description\":\"G\u00fcl, do\u011fan\u0131n sundu\u011fu en zarif ve etkileyici arma\u011fanlardan biridir. G\u00fcl \u00e7ay\u0131 ise bu e\u015fsiz \u00e7i\u00e7e\u011fin zarafetini yudumlayabilece\u011finiz bir mucize. G\u00fcl\u00fcn y\u00fcksek titre\u015fim frekans\u0131, pozitif enerji ve huzur getirir, kalbinize dokunur ve ruhunuza iyi gelir.\ud83c\udf3a\ud83c\udf37\ud83c\udf38\",\"breadcrumb\":{\"@id\":\"https:\/\/gulseans.com.tr\/?product=gul-cayi#breadcrumb\"},\"inLanguage\":\"tr\",\"potentialAction\":[{\"@type\":\"ReadAction\",\"target\":[\"https:\/\/gulseans.com.tr\/?product=gul-cayi\"]}]},{\"@type\":\"ImageObject\",\"inLanguage\":\"tr\",\"@id\":\"https:\/\/gulseans.com.tr\/?product=gul-cayi#primaryimage\",\"url\":\"https:\/\/gulseans.com.tr\/wp-content\/uploads\/2024\/11\/WhatsApp-Image-2025-05-03-at-13.55.40.jpeg\",\"contentUrl\":\"https:\/\/gulseans.com.tr\/wp-content\/uploads\/2024\/11\/WhatsApp-Image-2025-05-03-at-13.55.40.jpeg\",\"width\":899,\"height\":1599},{\"@type\":\"BreadcrumbList\",\"@id\":\"https:\/\/gulseans.com.tr\/?product=gul-cayi#breadcrumb\",\"itemListElement\":[{\"@type\":\"ListItem\",\"position\":1,\"name\":\"Anasayfa\",\"item\":\"https:\/\/gulseans.com.tr\/\"},{\"@type\":\"ListItem\",\"position\":2,\"name\":\"Ma\u011faza\",\"item\":\"https:\/\/gulseans.com.tr\/?page_id=92\"},{\"@type\":\"ListItem\",\"position\":3,\"name\":\"\ud83c\udf39 G\u00fcl \u00c7ay\u0131 100 gr &#8211; %100 Do\u011fal &#038; Aromatik \u015eifa\"}]},{\"@type\":\"WebSite\",\"@id\":\"https:\/\/gulseans.com.tr\/#website\",\"url\":\"https:\/\/gulseans.com.tr\/\",\"name\":\"G\u00fclseans\",\"description\":\"Rosevera\",\"publisher\":{\"@id\":\"https:\/\/gulseans.com.tr\/#organization\"},\"potentialAction\":[{\"@type\":\"SearchAction\",\"target\":{\"@type\":\"EntryPoint\",\"urlTemplate\":\"https:\/\/gulseans.com.tr\/?s={search_term_string}\"},\"query-input\":{\"@type\":\"PropertyValueSpecification\",\"valueRequired\":true,\"valueName\":\"search_term_string\"}}],\"inLanguage\":\"tr\"},{\"@type\":\"Organization\",\"@id\":\"https:\/\/gulseans.com.tr\/#organization\",\"name\":\"G\u00fclseans\",\"url\":\"https:\/\/gulseans.com.tr\/\",\"logo\":{\"@type\":\"ImageObject\",\"inLanguage\":\"tr\",\"@id\":\"https:\/\/gulseans.com.tr\/#\/schema\/logo\/image\/\",\"url\":\"https:\/\/gulseans.com.tr\/wp-content\/uploads\/2025\/05\/cropped-ROSE.png\",\"contentUrl\":\"https:\/\/gulseans.com.tr\/wp-content\/uploads\/2025\/05\/cropped-ROSE.png\",\"width\":622,\"height\":438,\"caption\":\"G\u00fclseans\"},\"image\":{\"@id\":\"https:\/\/gulseans.com.tr\/#\/schema\/logo\/image\/\"},\"sameAs\":[\"https:\/\/www.facebook.com\/profile.php?id=61555227653171\"]}]}<\/script>\n<!-- \/ Yoast SEO plugin. -->","yoast_head_json":{"title":"\ud83c\udf39 G\u00fcl \u00c7ay\u0131 100 gr - %100 Do\u011fal & Aromatik \u015eifa - G\u00fclseans","description":"G\u00fcl, do\u011fan\u0131n sundu\u011fu en zarif ve etkileyici arma\u011fanlardan biridir. G\u00fcl \u00e7ay\u0131 ise bu e\u015fsiz \u00e7i\u00e7e\u011fin zarafetini yudumlayabilece\u011finiz bir mucize. G\u00fcl\u00fcn y\u00fcksek titre\u015fim frekans\u0131, pozitif enerji ve huzur getirir, kalbinize dokunur ve ruhunuza iyi gelir.\ud83c\udf3a\ud83c\udf37\ud83c\udf38","robots":{"index":"index","follow":"follow","max-snippet":"max-snippet:-1","max-image-preview":"max-image-preview:large","max-video-preview":"max-video-preview:-1"},"canonical":"https:\/\/gulseans.com.tr\/?product=gul-cayi","og_locale":"tr_TR","og_type":"article","og_title":"\ud83c\udf39 G\u00fcl \u00c7ay\u0131 100 gr - %100 Do\u011fal & Aromatik \u015eifa - G\u00fclseans","og_description":"G\u00fcl, do\u011fan\u0131n sundu\u011fu en zarif ve etkileyici arma\u011fanlardan biridir. G\u00fcl \u00e7ay\u0131 ise bu e\u015fsiz \u00e7i\u00e7e\u011fin zarafetini yudumlayabilece\u011finiz bir mucize. G\u00fcl\u00fcn y\u00fcksek titre\u015fim frekans\u0131, pozitif enerji ve huzur getirir, kalbinize dokunur ve ruhunuza iyi gelir.\ud83c\udf3a\ud83c\udf37\ud83c\udf38","og_url":"https:\/\/gulseans.com.tr\/?product=gul-cayi","og_site_name":"G\u00fclseans","article_publisher":"https:\/\/www.facebook.com\/profile.php?id=61555227653171","article_modified_time":"2025-05-19T21:32:38+00:00","og_image":[{"width":899,"height":1599,"url":"https:\/\/gulseans.com.tr\/wp-content\/uploads\/2024\/11\/WhatsApp-Image-2025-05-03-at-13.55.40.jpeg","type":"image\/jpeg"}],"twitter_card":"summary_large_image","twitter_misc":{"Tahmini okuma s\u00fcresi":"1 dakika"},"schema":{"@context":"https:\/\/schema.org","@graph":[{"@type":"WebPage","@id":"https:\/\/gulseans.com.tr\/?product=gul-cayi","url":"https:\/\/gulseans.com.tr\/?product=gul-cayi","name":"\ud83c\udf39 G\u00fcl \u00c7ay\u0131 100 gr - %100 Do\u011fal & Aromatik \u015eifa - G\u00fclseans","isPartOf":{"@id":"https:\/\/gulseans.com.tr\/#website"},"primaryImageOfPage":{"@id":"https:\/\/gulseans.com.tr\/?product=gul-cayi#primaryimage"},"image":{"@id":"https:\/\/gulseans.com.tr\/?product=gul-cayi#primaryimage"},"thumbnailUrl":"https:\/\/gulseans.com.tr\/wp-content\/uploads\/2024\/11\/WhatsApp-Image-2025-05-03-at-13.55.40.jpeg","datePublished":"2024-11-14T08:45:31+00:00","dateModified":"2025-05-19T21:32:38+00:00","description":"G\u00fcl, do\u011fan\u0131n sundu\u011fu en zarif ve etkileyici arma\u011fanlardan biridir. G\u00fcl \u00e7ay\u0131 ise bu e\u015fsiz \u00e7i\u00e7e\u011fin zarafetini yudumlayabilece\u011finiz bir mucize. G\u00fcl\u00fcn y\u00fcksek titre\u015fim frekans\u0131, pozitif enerji ve huzur getirir, kalbinize dokunur ve ruhunuza iyi gelir.\ud83c\udf3a\ud83c\udf37\ud83c\udf38","breadcrumb":{"@id":"https:\/\/gulseans.com.tr\/?product=gul-cayi#breadcrumb"},"inLanguage":"tr","potentialAction":[{"@type":"ReadAction","target":["https:\/\/gulseans.com.tr\/?product=gul-cayi"]}]},{"@type":"ImageObject","inLanguage":"tr","@id":"https:\/\/gulseans.com.tr\/?product=gul-cayi#primaryimage","url":"https:\/\/gulseans.com.tr\/wp-content\/uploads\/2024\/11\/WhatsApp-Image-2025-05-03-at-13.55.40.jpeg","contentUrl":"https:\/\/gulseans.com.tr\/wp-content\/uploads\/2024\/11\/WhatsApp-Image-2025-05-03-at-13.55.40.jpeg","width":899,"height":1599},{"@type":"BreadcrumbList","@id":"https:\/\/gulseans.com.tr\/?product=gul-cayi#breadcrumb","itemListElement":[{"@type":"ListItem","position":1,"name":"Anasayfa","item":"https:\/\/gulseans.com.tr\/"},{"@type":"ListItem","position":2,"name":"Ma\u011faza","item":"https:\/\/gulseans.com.tr\/?page_id=92"},{"@type":"ListItem","position":3,"name":"\ud83c\udf39 G\u00fcl \u00c7ay\u0131 100 gr &#8211; %100 Do\u011fal &#038; Aromatik \u015eifa"}]},{"@type":"WebSite","@id":"https:\/\/gulseans.com.tr\/#website","url":"https:\/\/gulseans.com.tr\/","name":"G\u00fclseans","description":"Rosevera","publisher":{"@id":"https:\/\/gulseans.com.tr\/#organization"},"potentialAction":[{"@type":"SearchAction","target":{"@type":"EntryPoint","urlTemplate":"https:\/\/gulseans.com.tr\/?s={search_term_string}"},"query-input":{"@type":"PropertyValueSpecification","valueRequired":true,"valueName":"search_term_string"}}],"inLanguage":"tr"},{"@type":"Organization","@id":"https:\/\/gulseans.com.tr\/#organization","name":"G\u00fclseans","url":"https:\/\/gulseans.com.tr\/","logo":{"@type":"ImageObject","inLanguage":"tr","@id":"https:\/\/gulseans.com.tr\/#\/schema\/logo\/image\/","url":"https:\/\/gulseans.com.tr\/wp-content\/uploads\/2025\/05\/cropped-ROSE.png","contentUrl":"https:\/\/gulseans.com.tr\/wp-content\/uploads\/2025\/05\/cropped-ROSE.png","width":622,"height":438,"caption":"G\u00fclseans"},"image":{"@id":"https:\/\/gulseans.com.tr\/#\/schema\/logo\/image\/"},"sameAs":["https:\/\/www.facebook.com\/profile.php?id=61555227653171"]}]}},"jetpack_sharing_enabled":true,"_links":{"self":[{"href":"https:\/\/gulseans.com.tr\/index.php?rest_route=\/wp\/v2\/product\/175","targetHints":{"allow":["GET"]}}],"collection":[{"href":"https:\/\/gulseans.com.tr\/index.php?rest_route=\/wp\/v2\/product"}],"about":[{"href":"https:\/\/gulseans.com.tr\/index.php?rest_route=\/wp\/v2\/types\/product"}],"replies":[{"embeddable":true,"href":"https:\/\/gulseans.com.tr\/index.php?rest_route=%2Fwp%2Fv2%2Fcomments&post=175"}],"wp:featuredmedia":[{"embeddable":true,"href":"https:\/\/gulseans.com.tr\/index.php?rest_route=\/wp\/v2\/media\/345"}],"wp:attachment":[{"href":"https:\/\/gulseans.com.tr\/index.php?rest_route=%2Fwp%2Fv2%2Fmedia&parent=175"}],"wp:term":[{"taxonomy":"product_cat","embeddable":true,"href":"https:\/\/gulseans.com.tr\/index.php?rest_route=%2Fwp%2Fv2%2Fproduct_cat&post=175"},{"taxonomy":"product_tag","embeddable":true,"href":"https:\/\/gulseans.com.tr\/index.php?rest_route=%2Fwp%2Fv2%2Fproduct_tag&post=175"}],"curies":[{"name":"wp","href":"https:\/\/api.w.org\/{rel}","templated":true}]}}