{"id":277,"date":"2024-11-15T16:09:56","date_gmt":"2024-11-15T16:09:56","guid":{"rendered":"https:\/\/gulseans.com.tr\/?page_id=277"},"modified":"2024-11-15T16:09:56","modified_gmt":"2024-11-15T16:09:56","slug":"hakkimizda","status":"publish","type":"page","link":"https:\/\/gulseans.com.tr\/?page_id=277","title":{"rendered":"Hakk\u0131m\u0131zda"},"content":{"rendered":"<p>Merhaba, biz G\u00fclseans! \ud83c\udf39<\/p>\n<p>Do\u011fadan gelen g\u00fczellik ve \u015fifay\u0131 hayat\u0131n\u0131za ta\u015f\u0131mak i\u00e7in buraday\u0131z. G\u00fclseans olarak, en saf ve do\u011fal malzemelerle haz\u0131rlad\u0131\u011f\u0131m\u0131z g\u00fcl \u00fcr\u00fcnleriyle sa\u011fl\u0131kl\u0131, do\u011fal ve huzurlu bir ya\u015fam\u0131 destekliyoruz.<\/p>\n<p>Web sitemizde, \u015funlar dahil bir\u00e7ok \u00f6zel \u00fcr\u00fcn\u00fc bulabilirsiniz:<\/p>\n<ul>\n<li><strong>G\u00fcl Suyu<\/strong>: Cildinizin do\u011fal parlakl\u0131\u011f\u0131n\u0131 ortaya \u00e7\u0131karan ve ferahl\u0131k veren saf bir mucize.<\/li>\n<li><strong>G\u00fcl \u00c7ay\u0131<\/strong>: \u0130\u00e7inizi \u0131s\u0131tan, sa\u011fl\u0131\u011fa faydal\u0131 e\u015fsiz bir lezzet.<\/li>\n<li><strong>G\u00fcl Mayas\u0131 ve Sirkesi<\/strong>: Geleneksel y\u00f6ntemlerle haz\u0131rlanm\u0131\u015f, do\u011fal sa\u011fl\u0131k kayna\u011f\u0131.<\/li>\n<li><strong>G\u00fcl Ya\u011f\u0131 ve Esans\u0131<\/strong>: Aromaterapiden cilt bak\u0131m\u0131na kadar \u00e7ok y\u00f6nl\u00fc faydalar.<\/li>\n<li><strong>Lavanta Suyu<\/strong>: Rahatlat\u0131c\u0131 kokusuyla stresinizi azaltan ve cildinizi ferahlatan bir do\u011fal hazine.<\/li>\n<li><strong>Kuyruk Ya\u011f\u0131 Kremi<\/strong>: Geleneksel bak\u0131m y\u00f6ntemlerini modern hayatla bulu\u015fturan do\u011fal bir \u00e7\u00f6z\u00fcm.<\/li>\n<\/ul>\n<p>Her \u00fcr\u00fcn\u00fcm\u00fczde do\u011fall\u0131\u011f\u0131, kaliteyi ve \u00f6zeni bir araya getiriyoruz. \u00dcr\u00fcnlerimiz, hem sa\u011fl\u0131\u011f\u0131n\u0131za hem de ya\u015fam tarz\u0131n\u0131za de\u011fer katmay\u0131 hedefliyor.<\/p>\n<p>G\u00fclseans olarak, do\u011fadan ilham al\u0131yor ve s\u00fcrd\u00fcr\u00fclebilirlik ilkesiyle hareket ediyoruz. Bu yolculukta, size en iyisini sunmak i\u00e7in her ge\u00e7en g\u00fcn kendimizi geli\u015ftiriyor, \u00fcr\u00fcn \u00e7e\u015fitlili\u011fimizi art\u0131r\u0131yoruz.<\/p>\n<p>Do\u011fan\u0131n b\u00fcy\u00fcl\u00fc dokunu\u015flar\u0131n\u0131 ke\u015ffetmek i\u00e7in bizi takip etmeye devam edin. G\u00fclseans ailesine kat\u0131ld\u0131\u011f\u0131n\u0131z i\u00e7in te\u015fekk\u00fcr ederiz! \ud83c\udf3a<\/p>\n","protected":false},"excerpt":{"rendered":"<p>Merhaba, biz G\u00fclseans! \ud83c\udf39 Do\u011fadan gelen g\u00fczellik ve \u015fifay\u0131 hayat\u0131n\u0131za ta\u015f\u0131mak i\u00e7in buraday\u0131z. G\u00fclseans olarak, en saf ve do\u011fal malzemelerle haz\u0131rlad\u0131\u011f\u0131m\u0131z g\u00fcl \u00fcr\u00fcnleriyle sa\u011fl\u0131kl\u0131, do\u011fal ve huzurlu bir ya\u015fam\u0131 destekliyoruz. Web sitemizde, \u015funlar dahil bir\u00e7ok \u00f6zel \u00fcr\u00fcn\u00fc bulabilirsiniz: G\u00fcl Suyu: Cildinizin do\u011fal parlakl\u0131\u011f\u0131n\u0131 ortaya \u00e7\u0131karan ve ferahl\u0131k veren saf bir mucize. G\u00fcl \u00c7ay\u0131: \u0130\u00e7inizi \u0131s\u0131tan, [&hellip;]<\/p>\n","protected":false},"author":1,"featured_media":267,"parent":0,"menu_order":0,"comment_status":"closed","ping_status":"closed","template":"","meta":{"saved_in_kubio":false,"footnotes":""},"class_list":["post-277","page","type-page","status-publish","has-post-thumbnail","hentry"],"kubio_ai_page_context":{"short_desc":"","purpose":"general"},"yoast_head":"<!-- This site is optimized with the Yoast SEO plugin v23.8 - https:\/\/yoast.com\/wordpress\/plugins\/seo\/ -->\n<title>Hakk\u0131m\u0131zda - G\u00fclseans<\/title>\n<meta name=\"description\" content=\"Do\u011fadan gelen g\u00fczellik ve \u015fifay\u0131 hayat\u0131n\u0131za ta\u015f\u0131mak i\u00e7in buraday\u0131z. G\u00fclseans olarak, en saf ve do\u011fal malzemelerle haz\u0131rlad\u0131\u011f\u0131m\u0131z g\u00fcl \u00fcr\u00fcnleriyle sa\u011fl\u0131kl\u0131, do\u011fal ve huzurlu bir ya\u015fam\u0131 destekliyoruz.\" \/>\n<meta name=\"robots\" content=\"index, follow, max-snippet:-1, max-image-preview:large, max-video-preview:-1\" \/>\n<link rel=\"canonical\" href=\"https:\/\/gulseans.com.tr\/?page_id=277\" \/>\n<meta property=\"og:locale\" content=\"tr_TR\" \/>\n<meta property=\"og:type\" content=\"article\" \/>\n<meta property=\"og:title\" content=\"Hakk\u0131m\u0131zda - G\u00fclseans\" \/>\n<meta property=\"og:description\" content=\"Do\u011fadan gelen g\u00fczellik ve \u015fifay\u0131 hayat\u0131n\u0131za ta\u015f\u0131mak i\u00e7in buraday\u0131z. G\u00fclseans olarak, en saf ve do\u011fal malzemelerle haz\u0131rlad\u0131\u011f\u0131m\u0131z g\u00fcl \u00fcr\u00fcnleriyle sa\u011fl\u0131kl\u0131, do\u011fal ve huzurlu bir ya\u015fam\u0131 destekliyoruz.\" \/>\n<meta property=\"og:url\" content=\"https:\/\/gulseans.com.tr\/?page_id=277\" \/>\n<meta property=\"og:site_name\" content=\"G\u00fclseans\" \/>\n<meta property=\"article:publisher\" content=\"https:\/\/www.facebook.com\/profile.php?id=61555227653171\" \/>\n<meta property=\"og:image\" content=\"https:\/\/gulseans.com.tr\/wp-content\/uploads\/2024\/11\/ustlogo.png\" \/>\n\t<meta property=\"og:image:width\" content=\"2000\" \/>\n\t<meta property=\"og:image:height\" content=\"849\" \/>\n\t<meta property=\"og:image:type\" content=\"image\/png\" \/>\n<meta name=\"twitter:card\" content=\"summary_large_image\" \/>\n<meta name=\"twitter:label1\" content=\"Tahmini okuma s\u00fcresi\" \/>\n\t<meta name=\"twitter:data1\" content=\"2 dakika\" \/>\n<script type=\"application\/ld+json\" class=\"yoast-schema-graph\">{\"@context\":\"https:\/\/schema.org\",\"@graph\":[{\"@type\":\"WebPage\",\"@id\":\"https:\/\/gulseans.com.tr\/?page_id=277\",\"url\":\"https:\/\/gulseans.com.tr\/?page_id=277\",\"name\":\"Hakk\u0131m\u0131zda - G\u00fclseans\",\"isPartOf\":{\"@id\":\"https:\/\/gulseans.com.tr\/#website\"},\"primaryImageOfPage\":{\"@id\":\"https:\/\/gulseans.com.tr\/?page_id=277#primaryimage\"},\"image\":{\"@id\":\"https:\/\/gulseans.com.tr\/?page_id=277#primaryimage\"},\"thumbnailUrl\":\"https:\/\/gulseans.com.tr\/wp-content\/uploads\/2024\/11\/ustlogo.png\",\"datePublished\":\"2024-11-15T16:09:56+00:00\",\"dateModified\":\"2024-11-15T16:09:56+00:00\",\"description\":\"Do\u011fadan gelen g\u00fczellik ve \u015fifay\u0131 hayat\u0131n\u0131za ta\u015f\u0131mak i\u00e7in buraday\u0131z. G\u00fclseans olarak, en saf ve do\u011fal malzemelerle haz\u0131rlad\u0131\u011f\u0131m\u0131z g\u00fcl \u00fcr\u00fcnleriyle sa\u011fl\u0131kl\u0131, do\u011fal ve huzurlu bir ya\u015fam\u0131 destekliyoruz.\",\"breadcrumb\":{\"@id\":\"https:\/\/gulseans.com.tr\/?page_id=277#breadcrumb\"},\"inLanguage\":\"tr\",\"potentialAction\":[{\"@type\":\"ReadAction\",\"target\":[\"https:\/\/gulseans.com.tr\/?page_id=277\"]}]},{\"@type\":\"ImageObject\",\"inLanguage\":\"tr\",\"@id\":\"https:\/\/gulseans.com.tr\/?page_id=277#primaryimage\",\"url\":\"https:\/\/gulseans.com.tr\/wp-content\/uploads\/2024\/11\/ustlogo.png\",\"contentUrl\":\"https:\/\/gulseans.com.tr\/wp-content\/uploads\/2024\/11\/ustlogo.png\",\"width\":2000,\"height\":849},{\"@type\":\"BreadcrumbList\",\"@id\":\"https:\/\/gulseans.com.tr\/?page_id=277#breadcrumb\",\"itemListElement\":[{\"@type\":\"ListItem\",\"position\":1,\"name\":\"Anasayfa\",\"item\":\"https:\/\/gulseans.com.tr\/\"},{\"@type\":\"ListItem\",\"position\":2,\"name\":\"Hakk\u0131m\u0131zda\"}]},{\"@type\":\"WebSite\",\"@id\":\"https:\/\/gulseans.com.tr\/#website\",\"url\":\"https:\/\/gulseans.com.tr\/\",\"name\":\"G\u00fclseans\",\"description\":\"Rosevera\",\"publisher\":{\"@id\":\"https:\/\/gulseans.com.tr\/#organization\"},\"potentialAction\":[{\"@type\":\"SearchAction\",\"target\":{\"@type\":\"EntryPoint\",\"urlTemplate\":\"https:\/\/gulseans.com.tr\/?s={search_term_string}\"},\"query-input\":{\"@type\":\"PropertyValueSpecification\",\"valueRequired\":true,\"valueName\":\"search_term_string\"}}],\"inLanguage\":\"tr\"},{\"@type\":\"Organization\",\"@id\":\"https:\/\/gulseans.com.tr\/#organization\",\"name\":\"G\u00fclseans\",\"url\":\"https:\/\/gulseans.com.tr\/\",\"logo\":{\"@type\":\"ImageObject\",\"inLanguage\":\"tr\",\"@id\":\"https:\/\/gulseans.com.tr\/#\/schema\/logo\/image\/\",\"url\":\"https:\/\/gulseans.com.tr\/wp-content\/uploads\/2025\/05\/cropped-ROSE.png\",\"contentUrl\":\"https:\/\/gulseans.com.tr\/wp-content\/uploads\/2025\/05\/cropped-ROSE.png\",\"width\":622,\"height\":438,\"caption\":\"G\u00fclseans\"},\"image\":{\"@id\":\"https:\/\/gulseans.com.tr\/#\/schema\/logo\/image\/\"},\"sameAs\":[\"https:\/\/www.facebook.com\/profile.php?id=61555227653171\"]}]}<\/script>\n<!-- \/ Yoast SEO plugin. -->","yoast_head_json":{"title":"Hakk\u0131m\u0131zda - G\u00fclseans","description":"Do\u011fadan gelen g\u00fczellik ve \u015fifay\u0131 hayat\u0131n\u0131za ta\u015f\u0131mak i\u00e7in buraday\u0131z. G\u00fclseans olarak, en saf ve do\u011fal malzemelerle haz\u0131rlad\u0131\u011f\u0131m\u0131z g\u00fcl \u00fcr\u00fcnleriyle sa\u011fl\u0131kl\u0131, do\u011fal ve huzurlu bir ya\u015fam\u0131 destekliyoruz.","robots":{"index":"index","follow":"follow","max-snippet":"max-snippet:-1","max-image-preview":"max-image-preview:large","max-video-preview":"max-video-preview:-1"},"canonical":"https:\/\/gulseans.com.tr\/?page_id=277","og_locale":"tr_TR","og_type":"article","og_title":"Hakk\u0131m\u0131zda - G\u00fclseans","og_description":"Do\u011fadan gelen g\u00fczellik ve \u015fifay\u0131 hayat\u0131n\u0131za ta\u015f\u0131mak i\u00e7in buraday\u0131z. G\u00fclseans olarak, en saf ve do\u011fal malzemelerle haz\u0131rlad\u0131\u011f\u0131m\u0131z g\u00fcl \u00fcr\u00fcnleriyle sa\u011fl\u0131kl\u0131, do\u011fal ve huzurlu bir ya\u015fam\u0131 destekliyoruz.","og_url":"https:\/\/gulseans.com.tr\/?page_id=277","og_site_name":"G\u00fclseans","article_publisher":"https:\/\/www.facebook.com\/profile.php?id=61555227653171","og_image":[{"width":2000,"height":849,"url":"https:\/\/gulseans.com.tr\/wp-content\/uploads\/2024\/11\/ustlogo.png","type":"image\/png"}],"twitter_card":"summary_large_image","twitter_misc":{"Tahmini okuma s\u00fcresi":"2 dakika"},"schema":{"@context":"https:\/\/schema.org","@graph":[{"@type":"WebPage","@id":"https:\/\/gulseans.com.tr\/?page_id=277","url":"https:\/\/gulseans.com.tr\/?page_id=277","name":"Hakk\u0131m\u0131zda - G\u00fclseans","isPartOf":{"@id":"https:\/\/gulseans.com.tr\/#website"},"primaryImageOfPage":{"@id":"https:\/\/gulseans.com.tr\/?page_id=277#primaryimage"},"image":{"@id":"https:\/\/gulseans.com.tr\/?page_id=277#primaryimage"},"thumbnailUrl":"https:\/\/gulseans.com.tr\/wp-content\/uploads\/2024\/11\/ustlogo.png","datePublished":"2024-11-15T16:09:56+00:00","dateModified":"2024-11-15T16:09:56+00:00","description":"Do\u011fadan gelen g\u00fczellik ve \u015fifay\u0131 hayat\u0131n\u0131za ta\u015f\u0131mak i\u00e7in buraday\u0131z. G\u00fclseans olarak, en saf ve do\u011fal malzemelerle haz\u0131rlad\u0131\u011f\u0131m\u0131z g\u00fcl \u00fcr\u00fcnleriyle sa\u011fl\u0131kl\u0131, do\u011fal ve huzurlu bir ya\u015fam\u0131 destekliyoruz.","breadcrumb":{"@id":"https:\/\/gulseans.com.tr\/?page_id=277#breadcrumb"},"inLanguage":"tr","potentialAction":[{"@type":"ReadAction","target":["https:\/\/gulseans.com.tr\/?page_id=277"]}]},{"@type":"ImageObject","inLanguage":"tr","@id":"https:\/\/gulseans.com.tr\/?page_id=277#primaryimage","url":"https:\/\/gulseans.com.tr\/wp-content\/uploads\/2024\/11\/ustlogo.png","contentUrl":"https:\/\/gulseans.com.tr\/wp-content\/uploads\/2024\/11\/ustlogo.png","width":2000,"height":849},{"@type":"BreadcrumbList","@id":"https:\/\/gulseans.com.tr\/?page_id=277#breadcrumb","itemListElement":[{"@type":"ListItem","position":1,"name":"Anasayfa","item":"https:\/\/gulseans.com.tr\/"},{"@type":"ListItem","position":2,"name":"Hakk\u0131m\u0131zda"}]},{"@type":"WebSite","@id":"https:\/\/gulseans.com.tr\/#website","url":"https:\/\/gulseans.com.tr\/","name":"G\u00fclseans","description":"Rosevera","publisher":{"@id":"https:\/\/gulseans.com.tr\/#organization"},"potentialAction":[{"@type":"SearchAction","target":{"@type":"EntryPoint","urlTemplate":"https:\/\/gulseans.com.tr\/?s={search_term_string}"},"query-input":{"@type":"PropertyValueSpecification","valueRequired":true,"valueName":"search_term_string"}}],"inLanguage":"tr"},{"@type":"Organization","@id":"https:\/\/gulseans.com.tr\/#organization","name":"G\u00fclseans","url":"https:\/\/gulseans.com.tr\/","logo":{"@type":"ImageObject","inLanguage":"tr","@id":"https:\/\/gulseans.com.tr\/#\/schema\/logo\/image\/","url":"https:\/\/gulseans.com.tr\/wp-content\/uploads\/2025\/05\/cropped-ROSE.png","contentUrl":"https:\/\/gulseans.com.tr\/wp-content\/uploads\/2025\/05\/cropped-ROSE.png","width":622,"height":438,"caption":"G\u00fclseans"},"image":{"@id":"https:\/\/gulseans.com.tr\/#\/schema\/logo\/image\/"},"sameAs":["https:\/\/www.facebook.com\/profile.php?id=61555227653171"]}]}},"jetpack_sharing_enabled":true,"_links":{"self":[{"href":"https:\/\/gulseans.com.tr\/index.php?rest_route=\/wp\/v2\/pages\/277","targetHints":{"allow":["GET"]}}],"collection":[{"href":"https:\/\/gulseans.com.tr\/index.php?rest_route=\/wp\/v2\/pages"}],"about":[{"href":"https:\/\/gulseans.com.tr\/index.php?rest_route=\/wp\/v2\/types\/page"}],"author":[{"embeddable":true,"href":"https:\/\/gulseans.com.tr\/index.php?rest_route=\/wp\/v2\/users\/1"}],"replies":[{"embeddable":true,"href":"https:\/\/gulseans.com.tr\/index.php?rest_route=%2Fwp%2Fv2%2Fcomments&post=277"}],"version-history":[{"count":1,"href":"https:\/\/gulseans.com.tr\/index.php?rest_route=\/wp\/v2\/pages\/277\/revisions"}],"predecessor-version":[{"id":278,"href":"https:\/\/gulseans.com.tr\/index.php?rest_route=\/wp\/v2\/pages\/277\/revisions\/278"}],"wp:featuredmedia":[{"embeddable":true,"href":"https:\/\/gulseans.com.tr\/index.php?rest_route=\/wp\/v2\/media\/267"}],"wp:attachment":[{"href":"https:\/\/gulseans.com.tr\/index.php?rest_route=%2Fwp%2Fv2%2Fmedia&parent=277"}],"curies":[{"name":"wp","href":"https:\/\/api.w.org\/{rel}","templated":true}]}}